{"id":21705,"date":"2025-02-07T18:48:07","date_gmt":"2025-02-07T17:48:07","guid":{"rendered":"https:\/\/zollagentur.gmbh\/kuenye\/"},"modified":"2025-02-07T18:48:07","modified_gmt":"2025-02-07T17:48:07","slug":"kuenye","status":"publish","type":"page","link":"https:\/\/zollagentur.gmbh\/tr\/kuenye\/","title":{"rendered":"K\u00fcnye"},"content":{"rendered":"<header>\n<h1>K\u00fcnye<\/h1>\n<\/header>\n<section id=\"impressum\">\n<h2>CK International Customs Agency GmbH<\/h2>\n<p>Albert-Einstein-Str. 1<br \/>\n46446 Ren Nehri \u00fczerindeki Emmerich<\/p>\n<h3>Bize ula\u015f\u0131n<\/h3>\n<p>Telefon:  <a href=\"tel:+4928289039920\">02828\/9039920<\/a><br \/>\nE-posta:  <a href=\"mailto:info@ckzoll24.de\">info@ckzoll24.de<\/a><\/p>\n<h3>Yetkili genel m\u00fcd\u00fcr<\/h3>\n<p>Cem Kele\u015f<\/p>\n<h3>Ticaret sicil kayd\u0131<\/h3>\n<p>Kay\u0131t mahkemesi: Kleve yerel mahkemesi<br \/>\nTicaret sicil numaras\u0131: HRB 18760<\/p>\n<h3>Sat\u0131\u015f vergisi kimlik numaras\u0131 (\u00a7 27a UStG&#8217;ye g\u00f6re)<\/h3>\n<p>UID-No: DE361344357<\/p>\n<h3>Sorumluluk Reddi<\/h3>\n<p>Sayfalar\u0131m\u0131z\u0131n i\u00e7eri\u011fi b\u00fcy\u00fck bir \u00f6zenle olu\u015fturulmu\u015ftur. Bununla birlikte, i\u00e7eri\u011fin do\u011frulu\u011fu, eksiksizli\u011fi ve g\u00fcncelli\u011fi konusunda herhangi bir sorumluluk kabul edemeyiz.<br \/>\nBir hizmet sa\u011flay\u0131c\u0131 olarak, bu web sitesinin i\u00e7eri\u011finden Madde 7 paragraf 1 uyar\u0131nca sorumluyuz TMG, genel yasalara g\u00f6re bu sayfalardaki kendi i\u00e7eri\u011finden sorumludur. Bununla birlikte, TMG \u00a7\u00a7 8 ila 10 uyar\u0131nca, bir hizmet sa\u011flay\u0131c\u0131 olarak iletilen veya depolanan \u00fc\u00e7\u00fcnc\u00fc taraf bilgilerini izlemek veya yasa d\u0131\u015f\u0131 faaliyetlere i\u015faret eden durumlar\u0131 ara\u015ft\u0131rmak zorunda de\u011filiz.<\/p>\n<h3>\u00c7evrimi\u00e7i uyu\u015fmazl\u0131k \u00e7\u00f6z\u00fcm\u00fc<\/h3>\n<p>Avrupa Komisyonu \u00e7evrimi\u00e7i uyu\u015fmazl\u0131k \u00e7\u00f6z\u00fcm\u00fc i\u00e7in bir platform sa\u011flamaktad\u0131r (OS): <a href=\"https:\/\/ec.europa.eu\/consumers\/odr\" target=\"_blank\" rel=\"noopener\">https:\/\/ec.europa.eu\/consumers\/odr<\/a>. \u015eu anda bir t\u00fcketici hakem heyeti nezdinde uyu\u015fmazl\u0131k \u00e7\u00f6z\u00fcm\u00fc i\u015flemlerine kat\u0131lmaya haz\u0131r de\u011filiz.<br \/>\nE-posta adresimizi yukar\u0131daki yasal bildirimde bulabilirsiniz.<\/p>\n<h3>Ba\u011flant\u0131lar i\u00e7in sorumluluk<\/h3>\n<p>Web sitemiz, i\u00e7eri\u011fi \u00fczerinde hi\u00e7bir etkimiz olmayan harici \u00fc\u00e7\u00fcnc\u00fc taraf web sitelerine ba\u011flant\u0131lar i\u00e7erir. Bu nedenle, bu \u00fc\u00e7\u00fcnc\u00fc taraf i\u00e7eri\u011fi i\u00e7in herhangi bir sorumluluk kabul edemeyiz. Ba\u011flant\u0131l\u0131 sayfalar\u0131n i\u00e7eri\u011finden her zaman sayfalar\u0131n ilgili sa\u011flay\u0131c\u0131s\u0131 veya operat\u00f6r\u00fc sorumludur.<\/p>\n<\/section>\n","protected":false},"excerpt":{"rendered":"<p>K\u00fcnye CK International Customs Agency GmbH Albert-Einstein-Str. 1 46446 Ren Nehri \u00fczerindeki Emmerich Bize ula\u015f\u0131n Telefon: 02828\/9039920 E-posta: info@ckzoll24.de Yetkili genel m\u00fcd\u00fcr Cem Kele\u015f Ticaret sicil kayd\u0131 Kay\u0131t mahkemesi: Kleve yerel mahkemesi Ticaret sicil numaras\u0131: HRB 18760 Sat\u0131\u015f vergisi kimlik numaras\u0131 (\u00a7 27a UStG&#8217;ye g\u00f6re) UID-No: DE361344357 Sorumluluk Reddi Sayfalar\u0131m\u0131z\u0131n i\u00e7eri\u011fi b\u00fcy\u00fck bir \u00f6zenle olu\u015fturulmu\u015ftur. [&hellip;]<\/p>\n","protected":false},"author":1,"featured_media":0,"parent":0,"menu_order":0,"comment_status":"closed","ping_status":"closed","template":"","meta":{"footnotes":""},"class_list":["post-21705","page","type-page","status-publish","hentry"],"_links":{"self":[{"href":"https:\/\/zollagentur.gmbh\/tr\/wp-json\/wp\/v2\/pages\/21705","targetHints":{"allow":["GET"]}}],"collection":[{"href":"https:\/\/zollagentur.gmbh\/tr\/wp-json\/wp\/v2\/pages"}],"about":[{"href":"https:\/\/zollagentur.gmbh\/tr\/wp-json\/wp\/v2\/types\/page"}],"author":[{"embeddable":true,"href":"https:\/\/zollagentur.gmbh\/tr\/wp-json\/wp\/v2\/users\/1"}],"replies":[{"embeddable":true,"href":"https:\/\/zollagentur.gmbh\/tr\/wp-json\/wp\/v2\/comments?post=21705"}],"version-history":[{"count":0,"href":"https:\/\/zollagentur.gmbh\/tr\/wp-json\/wp\/v2\/pages\/21705\/revisions"}],"wp:attachment":[{"href":"https:\/\/zollagentur.gmbh\/tr\/wp-json\/wp\/v2\/media?parent=21705"}],"curies":[{"name":"wp","href":"https:\/\/api.w.org\/{rel}","templated":true}]}}